{"id":48,"date":"2024-04-26T15:47:21","date_gmt":"2024-04-26T13:47:21","guid":{"rendered":"https:\/\/airis.agency\/services\/"},"modified":"2025-02-08T17:47:47","modified_gmt":"2025-02-08T16:47:47","slug":"services","status":"publish","type":"page","link":"https:\/\/airis.agency\/en\/servicios\/","title":{"rendered":"Services"},"content":{"rendered":"\t\t<div data-elementor-type=\"wp-page\" data-elementor-id=\"48\" class=\"elementor elementor-48\" data-elementor-post-type=\"page\">\n\t\t\t\t<div class=\"elementor-element elementor-element-5c903441 e-con-full e-flex e-con e-parent\" data-id=\"5c903441\" data-element_type=\"container\" data-e-type=\"container\" data-settings=\"{&quot;background_motion_fx_translateX_effect&quot;:&quot;yes&quot;,&quot;background_motion_fx_translateX_speed&quot;:{&quot;unit&quot;:&quot;px&quot;,&quot;size&quot;:6.5,&quot;sizes&quot;:[]},&quot;background_motion_fx_translateX_affectedRange&quot;:{&quot;unit&quot;:&quot;%&quot;,&quot;size&quot;:&quot;&quot;,&quot;sizes&quot;:{&quot;start&quot;:0,&quot;end&quot;:100}},&quot;background_motion_fx_devices&quot;:[&quot;desktop&quot;,&quot;tablet&quot;,&quot;mobile&quot;]}\">\n\t\t\t\t<div class=\"elementor-element elementor-element-a256f93 elementor-widget elementor-widget-heading\" data-id=\"a256f93\" data-element_type=\"widget\" data-e-type=\"widget\" data-widget_type=\"heading.default\">\n\t\t\t\t\t<h1 class=\"elementor-heading-title elementor-size-default\">Servicios de marketing digital<\/h1>\t\t\t\t<\/div>\n\t\t\t\t<\/div>\n\t\t<div class=\"elementor-element elementor-element-c8164ed e-grid e-con-boxed e-con e-parent\" data-id=\"c8164ed\" data-element_type=\"container\" data-e-type=\"container\">\n\t\t\t\t\t<div class=\"e-con-inner\">\n\t\t<div class=\"elementor-element elementor-element-ac06307 e-con-full e-flex e-con e-child\" data-id=\"ac06307\" data-element_type=\"container\" data-e-type=\"container\" data-settings=\"{&quot;background_background&quot;:&quot;gradient&quot;}\">\n\t\t\t\t<div class=\"elementor-element elementor-element-f482a95 elementor-widget elementor-widget-heading\" data-id=\"f482a95\" data-element_type=\"widget\" data-e-type=\"widget\" data-widget_type=\"heading.default\">\n\t\t\t\t\t<h2 class=\"elementor-heading-title elementor-size-default\"><a href=\"https:\/\/airis.agency\/servicios\/seo\/\">SEO<\/a><\/h2>\t\t\t\t<\/div>\n\t\t\t\t<div class=\"elementor-element elementor-element-31b5e1b elementor-widget elementor-widget-text-editor\" data-id=\"31b5e1b\" data-element_type=\"widget\" data-e-type=\"widget\" data-widget_type=\"text-editor.default\">\n\t\t\t\t\t\t\t\t\t<p class=\"p1\">Potenciamos tu visibilidad en buscadores.<\/p>\t\t\t\t\t\t\t\t<\/div>\n\t\t\t\t<div class=\"elementor-element elementor-element-ec3bd2a elementor-widget__width-auto underline1 e-transform elementor-widget elementor-widget-heading\" data-id=\"ec3bd2a\" data-element_type=\"widget\" data-e-type=\"widget\" data-settings=\"{&quot;_transform_translateX_effect_hover&quot;:{&quot;unit&quot;:&quot;px&quot;,&quot;size&quot;:3,&quot;sizes&quot;:[]},&quot;_transform_translateX_effect_hover_tablet&quot;:{&quot;unit&quot;:&quot;px&quot;,&quot;size&quot;:&quot;&quot;,&quot;sizes&quot;:[]},&quot;_transform_translateX_effect_hover_mobile&quot;:{&quot;unit&quot;:&quot;px&quot;,&quot;size&quot;:&quot;&quot;,&quot;sizes&quot;:[]},&quot;_transform_translateY_effect_hover&quot;:{&quot;unit&quot;:&quot;px&quot;,&quot;size&quot;:&quot;&quot;,&quot;sizes&quot;:[]},&quot;_transform_translateY_effect_hover_tablet&quot;:{&quot;unit&quot;:&quot;px&quot;,&quot;size&quot;:&quot;&quot;,&quot;sizes&quot;:[]},&quot;_transform_translateY_effect_hover_mobile&quot;:{&quot;unit&quot;:&quot;px&quot;,&quot;size&quot;:&quot;&quot;,&quot;sizes&quot;:[]}}\" data-widget_type=\"heading.default\">\n\t\t\t\t\t<span class=\"elementor-heading-title elementor-size-default\"><a href=\"https:\/\/airis.agency\/servicios\/seo\/\">M\u00e1s informaci\u00f3n \u2192<\/a><\/span>\t\t\t\t<\/div>\n\t\t\t\t<\/div>\n\t\t<div class=\"elementor-element elementor-element-ccc7a44 e-con-full e-flex e-con e-child\" data-id=\"ccc7a44\" data-element_type=\"container\" data-e-type=\"container\" data-settings=\"{&quot;background_background&quot;:&quot;classic&quot;}\">\n\t\t\t\t<div class=\"elementor-element elementor-element-d60ab9c elementor-widget elementor-widget-heading\" data-id=\"d60ab9c\" data-element_type=\"widget\" data-e-type=\"widget\" data-widget_type=\"heading.default\">\n\t\t\t\t\t<h2 class=\"elementor-heading-title elementor-size-default\"><a href=\"https:\/\/airis.agency\/servicios\/diseno-web\/\">Dise\u00f1o Web<\/a><\/h2>\t\t\t\t<\/div>\n\t\t\t\t<div class=\"elementor-element elementor-element-47221f3 elementor-widget elementor-widget-text-editor\" data-id=\"47221f3\" data-element_type=\"widget\" data-e-type=\"widget\" data-widget_type=\"text-editor.default\">\n\t\t\t\t\t\t\t\t\t<p class=\"p1\">Creamos p\u00e1ginas web modernas y funcionales.<\/p>\t\t\t\t\t\t\t\t<\/div>\n\t\t\t\t<div class=\"elementor-element elementor-element-841ad19 elementor-widget__width-auto underline1 e-transform elementor-widget elementor-widget-heading\" data-id=\"841ad19\" data-element_type=\"widget\" data-e-type=\"widget\" data-settings=\"{&quot;_transform_translateX_effect_hover&quot;:{&quot;unit&quot;:&quot;px&quot;,&quot;size&quot;:3,&quot;sizes&quot;:[]},&quot;_transform_translateX_effect_hover_tablet&quot;:{&quot;unit&quot;:&quot;px&quot;,&quot;size&quot;:&quot;&quot;,&quot;sizes&quot;:[]},&quot;_transform_translateX_effect_hover_mobile&quot;:{&quot;unit&quot;:&quot;px&quot;,&quot;size&quot;:&quot;&quot;,&quot;sizes&quot;:[]},&quot;_transform_translateY_effect_hover&quot;:{&quot;unit&quot;:&quot;px&quot;,&quot;size&quot;:&quot;&quot;,&quot;sizes&quot;:[]},&quot;_transform_translateY_effect_hover_tablet&quot;:{&quot;unit&quot;:&quot;px&quot;,&quot;size&quot;:&quot;&quot;,&quot;sizes&quot;:[]},&quot;_transform_translateY_effect_hover_mobile&quot;:{&quot;unit&quot;:&quot;px&quot;,&quot;size&quot;:&quot;&quot;,&quot;sizes&quot;:[]}}\" data-widget_type=\"heading.default\">\n\t\t\t\t\t<span class=\"elementor-heading-title elementor-size-default\"><a href=\"https:\/\/airis.agency\/servicios\/diseno-web\/\">M\u00e1s informaci\u00f3n \u2192<\/a><\/span>\t\t\t\t<\/div>\n\t\t\t\t<\/div>\n\t\t<div class=\"elementor-element elementor-element-ff3d5b4 e-con-full e-flex e-con e-child\" data-id=\"ff3d5b4\" data-element_type=\"container\" data-e-type=\"container\" data-settings=\"{&quot;background_background&quot;:&quot;classic&quot;}\">\n\t\t\t\t<div class=\"elementor-element elementor-element-b07e718 elementor-widget elementor-widget-heading\" data-id=\"b07e718\" data-element_type=\"widget\" data-e-type=\"widget\" data-widget_type=\"heading.default\">\n\t\t\t\t\t<h2 class=\"elementor-heading-title elementor-size-default\"><a href=\"https:\/\/airis.agency\/servicios\/sem\/\">SEM<\/a><\/h2>\t\t\t\t<\/div>\n\t\t\t\t<div class=\"elementor-element elementor-element-3c4c51b elementor-widget elementor-widget-text-editor\" data-id=\"3c4c51b\" data-element_type=\"widget\" data-e-type=\"widget\" data-widget_type=\"text-editor.default\">\n\t\t\t\t\t\t\t\t\t<p class=\"p1\">Incrementamos tus ventas con campa\u00f1as pagadas.<\/p>\t\t\t\t\t\t\t\t<\/div>\n\t\t\t\t<div class=\"elementor-element elementor-element-f6dd4e0 elementor-widget__width-auto underline1 e-transform elementor-widget elementor-widget-heading\" data-id=\"f6dd4e0\" data-element_type=\"widget\" data-e-type=\"widget\" data-settings=\"{&quot;_transform_translateX_effect_hover&quot;:{&quot;unit&quot;:&quot;px&quot;,&quot;size&quot;:3,&quot;sizes&quot;:[]},&quot;_transform_translateX_effect_hover_tablet&quot;:{&quot;unit&quot;:&quot;px&quot;,&quot;size&quot;:&quot;&quot;,&quot;sizes&quot;:[]},&quot;_transform_translateX_effect_hover_mobile&quot;:{&quot;unit&quot;:&quot;px&quot;,&quot;size&quot;:&quot;&quot;,&quot;sizes&quot;:[]},&quot;_transform_translateY_effect_hover&quot;:{&quot;unit&quot;:&quot;px&quot;,&quot;size&quot;:&quot;&quot;,&quot;sizes&quot;:[]},&quot;_transform_translateY_effect_hover_tablet&quot;:{&quot;unit&quot;:&quot;px&quot;,&quot;size&quot;:&quot;&quot;,&quot;sizes&quot;:[]},&quot;_transform_translateY_effect_hover_mobile&quot;:{&quot;unit&quot;:&quot;px&quot;,&quot;size&quot;:&quot;&quot;,&quot;sizes&quot;:[]}}\" data-widget_type=\"heading.default\">\n\t\t\t\t\t<span class=\"elementor-heading-title elementor-size-default\"><a href=\"https:\/\/airis.agency\/servicios\/sem\/\">M\u00e1s informaci\u00f3n \u2192<\/a><\/span>\t\t\t\t<\/div>\n\t\t\t\t<\/div>\n\t\t\t\t\t<\/div>\n\t\t\t\t<\/div>\n\t\t<div class=\"elementor-element elementor-element-b85dfb6 e-grid e-con-boxed e-con e-parent\" data-id=\"b85dfb6\" data-element_type=\"container\" data-e-type=\"container\">\n\t\t\t\t\t<div class=\"e-con-inner\">\n\t\t<div class=\"elementor-element elementor-element-dc51abb e-con-full e-flex e-con e-child\" data-id=\"dc51abb\" data-element_type=\"container\" data-e-type=\"container\" data-settings=\"{&quot;background_background&quot;:&quot;gradient&quot;}\">\n\t\t\t\t<div class=\"elementor-element elementor-element-920f73e elementor-widget elementor-widget-heading\" data-id=\"920f73e\" data-element_type=\"widget\" data-e-type=\"widget\" data-widget_type=\"heading.default\">\n\t\t\t\t\t<h2 class=\"elementor-heading-title elementor-size-default\"><a href=\"https:\/\/airis.agency\/servicios\/redes-sociales\/\">Redes sociales<\/a><\/h2>\t\t\t\t<\/div>\n\t\t\t\t<div class=\"elementor-element elementor-element-b717b4a elementor-widget elementor-widget-text-editor\" data-id=\"b717b4a\" data-element_type=\"widget\" data-e-type=\"widget\" data-widget_type=\"text-editor.default\">\n\t\t\t\t\t\t\t\t\t<p class=\"p1\">Conectamos tu marca con tu audiencia.<\/p>\t\t\t\t\t\t\t\t<\/div>\n\t\t\t\t<div class=\"elementor-element elementor-element-9a978af elementor-widget__width-auto underline1 e-transform elementor-widget elementor-widget-heading\" data-id=\"9a978af\" data-element_type=\"widget\" data-e-type=\"widget\" data-settings=\"{&quot;_transform_translateX_effect_hover&quot;:{&quot;unit&quot;:&quot;px&quot;,&quot;size&quot;:3,&quot;sizes&quot;:[]},&quot;_transform_translateX_effect_hover_tablet&quot;:{&quot;unit&quot;:&quot;px&quot;,&quot;size&quot;:&quot;&quot;,&quot;sizes&quot;:[]},&quot;_transform_translateX_effect_hover_mobile&quot;:{&quot;unit&quot;:&quot;px&quot;,&quot;size&quot;:&quot;&quot;,&quot;sizes&quot;:[]},&quot;_transform_translateY_effect_hover&quot;:{&quot;unit&quot;:&quot;px&quot;,&quot;size&quot;:&quot;&quot;,&quot;sizes&quot;:[]},&quot;_transform_translateY_effect_hover_tablet&quot;:{&quot;unit&quot;:&quot;px&quot;,&quot;size&quot;:&quot;&quot;,&quot;sizes&quot;:[]},&quot;_transform_translateY_effect_hover_mobile&quot;:{&quot;unit&quot;:&quot;px&quot;,&quot;size&quot;:&quot;&quot;,&quot;sizes&quot;:[]}}\" data-widget_type=\"heading.default\">\n\t\t\t\t\t<span class=\"elementor-heading-title elementor-size-default\"><a href=\"https:\/\/airis.agency\/servicios\/redes-sociales\/\">M\u00e1s informaci\u00f3n \u2192<\/a><\/span>\t\t\t\t<\/div>\n\t\t\t\t<\/div>\n\t\t<div class=\"elementor-element elementor-element-3a9648e e-con-full e-flex e-con e-child\" data-id=\"3a9648e\" data-element_type=\"container\" data-e-type=\"container\" data-settings=\"{&quot;background_background&quot;:&quot;classic&quot;}\">\n\t\t\t\t<div class=\"elementor-element elementor-element-2ee9d10 elementor-widget elementor-widget-heading\" data-id=\"2ee9d10\" data-element_type=\"widget\" data-e-type=\"widget\" data-widget_type=\"heading.default\">\n\t\t\t\t\t<h2 class=\"elementor-heading-title elementor-size-default\">Meta Ads<\/h2>\t\t\t\t<\/div>\n\t\t\t\t<div class=\"elementor-element elementor-element-0cccd6f elementor-widget elementor-widget-text-editor\" data-id=\"0cccd6f\" data-element_type=\"widget\" data-e-type=\"widget\" data-widget_type=\"text-editor.default\">\n\t\t\t\t\t\t\t\t\t<p class=\"p1\">Gestionamos anuncios efectivos en plataformas de Meta (Facebook e Instagram).<\/p>\t\t\t\t\t\t\t\t<\/div>\n\t\t\t\t<div class=\"elementor-element elementor-element-fe635ed elementor-widget__width-auto underline1 e-transform elementor-widget elementor-widget-heading\" data-id=\"fe635ed\" data-element_type=\"widget\" data-e-type=\"widget\" data-settings=\"{&quot;_transform_translateX_effect_hover&quot;:{&quot;unit&quot;:&quot;px&quot;,&quot;size&quot;:3,&quot;sizes&quot;:[]},&quot;_transform_translateX_effect_hover_tablet&quot;:{&quot;unit&quot;:&quot;px&quot;,&quot;size&quot;:&quot;&quot;,&quot;sizes&quot;:[]},&quot;_transform_translateX_effect_hover_mobile&quot;:{&quot;unit&quot;:&quot;px&quot;,&quot;size&quot;:&quot;&quot;,&quot;sizes&quot;:[]},&quot;_transform_translateY_effect_hover&quot;:{&quot;unit&quot;:&quot;px&quot;,&quot;size&quot;:&quot;&quot;,&quot;sizes&quot;:[]},&quot;_transform_translateY_effect_hover_tablet&quot;:{&quot;unit&quot;:&quot;px&quot;,&quot;size&quot;:&quot;&quot;,&quot;sizes&quot;:[]},&quot;_transform_translateY_effect_hover_mobile&quot;:{&quot;unit&quot;:&quot;px&quot;,&quot;size&quot;:&quot;&quot;,&quot;sizes&quot;:[]}}\" data-widget_type=\"heading.default\">\n\t\t\t\t\t<span class=\"elementor-heading-title elementor-size-default\"><a href=\"https:\/\/airis.agency\/servicios\/meta-ads\/\">M\u00e1s informaci\u00f3n \u2192<\/a><\/span>\t\t\t\t<\/div>\n\t\t\t\t<\/div>\n\t\t\t\t\t<\/div>\n\t\t\t\t<\/div>\n\t\t\t\t<\/div>\n\t\t","protected":false},"excerpt":{"rendered":"<p>Servicios de marketing digital SEO Potenciamos tu visibilidad en buscadores. M\u00e1s informaci\u00f3n \u2192 Dise\u00f1o Web Creamos p\u00e1ginas web modernas y funcionales. M\u00e1s informaci\u00f3n \u2192 SEM Incrementamos tus ventas con campa\u00f1as pagadas. M\u00e1s informaci\u00f3n \u2192 Redes sociales Conectamos tu marca con tu audiencia. M\u00e1s informaci\u00f3n \u2192 Meta Ads Gestionamos anuncios efectivos en plataformas de Meta (Facebook [&hellip;]<\/p>\n","protected":false},"author":1,"featured_media":0,"parent":0,"menu_order":0,"comment_status":"closed","ping_status":"closed","template":"elementor_header_footer","meta":{"footnotes":""},"class_list":["post-48","page","type-page","status-publish","hentry"],"yoast_head":"<!-- This site is optimized with the Yoast SEO Premium plugin v27.4 (Yoast SEO v27.4) - https:\/\/yoast.com\/product\/yoast-seo-premium-wordpress\/ -->\n<title>Servicios de Marketing Digital - AIRIS Agency<\/title>\n<meta name=\"robots\" content=\"index, follow, max-snippet:-1, max-image-preview:large, max-video-preview:-1\" \/>\n<link rel=\"canonical\" href=\"https:\/\/airis.agency\/en\/services\/\" \/>\n<meta property=\"og:locale\" content=\"en_GB\" \/>\n<meta property=\"og:type\" content=\"article\" \/>\n<meta property=\"og:title\" content=\"Servicios\" \/>\n<meta property=\"og:description\" content=\"Servicios de marketing digital SEO Potenciamos tu visibilidad en buscadores. M\u00e1s informaci\u00f3n \u2192 Dise\u00f1o Web Creamos p\u00e1ginas web modernas y funcionales. M\u00e1s informaci\u00f3n \u2192 SEM Incrementamos tus ventas con campa\u00f1as pagadas. M\u00e1s informaci\u00f3n \u2192 Redes sociales Conectamos tu marca con tu audiencia. M\u00e1s informaci\u00f3n \u2192 Meta Ads Gestionamos anuncios efectivos en plataformas de Meta (Facebook [&hellip;]\" \/>\n<meta property=\"og:url\" content=\"https:\/\/airis.agency\/en\/services\/\" \/>\n<meta property=\"og:site_name\" content=\"AIRIS Agency\" \/>\n<meta property=\"article:modified_time\" content=\"2025-02-08T16:47:47+00:00\" \/>\n<meta property=\"og:image\" content=\"https:\/\/airis.agency\/wp-content\/uploads\/2024\/11\/logo-airis-cuadrado-1.png\" \/>\n\t<meta property=\"og:image:width\" content=\"1080\" \/>\n\t<meta property=\"og:image:height\" content=\"1080\" \/>\n\t<meta property=\"og:image:type\" content=\"image\/png\" \/>\n<meta name=\"twitter:card\" content=\"summary_large_image\" \/>\n<script type=\"application\/ld+json\" class=\"yoast-schema-graph\">{\"@context\":\"https:\\\/\\\/schema.org\",\"@graph\":[{\"@type\":\"WebPage\",\"@id\":\"https:\\\/\\\/airis.agency\\\/servicios\\\/\",\"url\":\"https:\\\/\\\/airis.agency\\\/servicios\\\/\",\"name\":\"Servicios de Marketing Digital - AIRIS Agency\",\"isPartOf\":{\"@id\":\"https:\\\/\\\/airis.agency\\\/#website\"},\"datePublished\":\"2024-04-26T13:47:21+00:00\",\"dateModified\":\"2025-02-08T16:47:47+00:00\",\"breadcrumb\":{\"@id\":\"https:\\\/\\\/airis.agency\\\/servicios\\\/#breadcrumb\"},\"inLanguage\":\"en-GB\",\"potentialAction\":[{\"@type\":\"ReadAction\",\"target\":[\"https:\\\/\\\/airis.agency\\\/servicios\\\/\"]}]},{\"@type\":\"BreadcrumbList\",\"@id\":\"https:\\\/\\\/airis.agency\\\/servicios\\\/#breadcrumb\",\"itemListElement\":[{\"@type\":\"ListItem\",\"position\":1,\"name\":\"Inicio\",\"item\":\"https:\\\/\\\/airis.agency\\\/\"},{\"@type\":\"ListItem\",\"position\":2,\"name\":\"Servicios\"}]},{\"@type\":\"WebSite\",\"@id\":\"https:\\\/\\\/airis.agency\\\/#website\",\"url\":\"https:\\\/\\\/airis.agency\\\/\",\"name\":\"AIRIS Agency\",\"description\":\"Agencia de Marketing en Marbella\",\"publisher\":{\"@id\":\"https:\\\/\\\/airis.agency\\\/#organization\"},\"alternateName\":\"AIRIS\",\"potentialAction\":[{\"@type\":\"SearchAction\",\"target\":{\"@type\":\"EntryPoint\",\"urlTemplate\":\"https:\\\/\\\/airis.agency\\\/?s={search_term_string}\"},\"query-input\":{\"@type\":\"PropertyValueSpecification\",\"valueRequired\":true,\"valueName\":\"search_term_string\"}}],\"inLanguage\":\"en-GB\"},{\"@type\":\"Organization\",\"@id\":\"https:\\\/\\\/airis.agency\\\/#organization\",\"name\":\"AIRIS Agency\",\"alternateName\":\"AIRIS\",\"url\":\"https:\\\/\\\/airis.agency\\\/\",\"logo\":{\"@type\":\"ImageObject\",\"inLanguage\":\"en-GB\",\"@id\":\"https:\\\/\\\/airis.agency\\\/#\\\/schema\\\/logo\\\/image\\\/\",\"url\":\"https:\\\/\\\/airis.agency\\\/wp-content\\\/uploads\\\/2024\\\/11\\\/logo-airis-cuadrado-1.png\",\"contentUrl\":\"https:\\\/\\\/airis.agency\\\/wp-content\\\/uploads\\\/2024\\\/11\\\/logo-airis-cuadrado-1.png\",\"width\":1080,\"height\":1080,\"caption\":\"AIRIS Agency\"},\"image\":{\"@id\":\"https:\\\/\\\/airis.agency\\\/#\\\/schema\\\/logo\\\/image\\\/\"},\"description\":\"Agencia de marketing en Marbella\",\"email\":\"info@airis.agency\",\"telephone\":\"642 51 65 56\"}]}<\/script>\n<!-- \/ Yoast SEO Premium plugin. -->","yoast_head_json":{"title":"Digital Marketing Services - AIRIS Agency","robots":{"index":"index","follow":"follow","max-snippet":"max-snippet:-1","max-image-preview":"max-image-preview:large","max-video-preview":"max-video-preview:-1"},"canonical":"https:\/\/airis.agency\/en\/services\/","og_locale":"en_GB","og_type":"article","og_title":"Servicios","og_description":"Servicios de marketing digital SEO Potenciamos tu visibilidad en buscadores. M\u00e1s informaci\u00f3n \u2192 Dise\u00f1o Web Creamos p\u00e1ginas web modernas y funcionales. M\u00e1s informaci\u00f3n \u2192 SEM Incrementamos tus ventas con campa\u00f1as pagadas. M\u00e1s informaci\u00f3n \u2192 Redes sociales Conectamos tu marca con tu audiencia. M\u00e1s informaci\u00f3n \u2192 Meta Ads Gestionamos anuncios efectivos en plataformas de Meta (Facebook [&hellip;]","og_url":"https:\/\/airis.agency\/en\/services\/","og_site_name":"AIRIS Agency","article_modified_time":"2025-02-08T16:47:47+00:00","og_image":[{"width":1080,"height":1080,"url":"https:\/\/airis.agency\/wp-content\/uploads\/2024\/11\/logo-airis-cuadrado-1.png","type":"image\/png"}],"twitter_card":"summary_large_image","schema":{"@context":"https:\/\/schema.org","@graph":[{"@type":"WebPage","@id":"https:\/\/airis.agency\/servicios\/","url":"https:\/\/airis.agency\/servicios\/","name":"Digital Marketing Services - AIRIS Agency","isPartOf":{"@id":"https:\/\/airis.agency\/#website"},"datePublished":"2024-04-26T13:47:21+00:00","dateModified":"2025-02-08T16:47:47+00:00","breadcrumb":{"@id":"https:\/\/airis.agency\/servicios\/#breadcrumb"},"inLanguage":"en-GB","potentialAction":[{"@type":"ReadAction","target":["https:\/\/airis.agency\/servicios\/"]}]},{"@type":"BreadcrumbList","@id":"https:\/\/airis.agency\/servicios\/#breadcrumb","itemListElement":[{"@type":"ListItem","position":1,"name":"Inicio","item":"https:\/\/airis.agency\/"},{"@type":"ListItem","position":2,"name":"Servicios"}]},{"@type":"WebSite","@id":"https:\/\/airis.agency\/#website","url":"https:\/\/airis.agency\/","name":"AIRIS Agency","description":"Marketing Agency in Marbella","publisher":{"@id":"https:\/\/airis.agency\/#organization"},"alternateName":"AIRIS","potentialAction":[{"@type":"SearchAction","target":{"@type":"EntryPoint","urlTemplate":"https:\/\/airis.agency\/?s={search_term_string}"},"query-input":{"@type":"PropertyValueSpecification","valueRequired":true,"valueName":"search_term_string"}}],"inLanguage":"en-GB"},{"@type":"Organization","@id":"https:\/\/airis.agency\/#organization","name":"AIRIS Agency","alternateName":"AIRIS","url":"https:\/\/airis.agency\/","logo":{"@type":"ImageObject","inLanguage":"en-GB","@id":"https:\/\/airis.agency\/#\/schema\/logo\/image\/","url":"https:\/\/airis.agency\/wp-content\/uploads\/2024\/11\/logo-airis-cuadrado-1.png","contentUrl":"https:\/\/airis.agency\/wp-content\/uploads\/2024\/11\/logo-airis-cuadrado-1.png","width":1080,"height":1080,"caption":"AIRIS Agency"},"image":{"@id":"https:\/\/airis.agency\/#\/schema\/logo\/image\/"},"description":"Marketing agency in Marbella","email":"info@airis.agency","telephone":"642 51 65 56"}]}},"_links":{"self":[{"href":"https:\/\/airis.agency\/en\/wp-json\/wp\/v2\/pages\/48","targetHints":{"allow":["GET"]}}],"collection":[{"href":"https:\/\/airis.agency\/en\/wp-json\/wp\/v2\/pages"}],"about":[{"href":"https:\/\/airis.agency\/en\/wp-json\/wp\/v2\/types\/page"}],"author":[{"embeddable":true,"href":"https:\/\/airis.agency\/en\/wp-json\/wp\/v2\/users\/1"}],"replies":[{"embeddable":true,"href":"https:\/\/airis.agency\/en\/wp-json\/wp\/v2\/comments?post=48"}],"version-history":[{"count":0,"href":"https:\/\/airis.agency\/en\/wp-json\/wp\/v2\/pages\/48\/revisions"}],"wp:attachment":[{"href":"https:\/\/airis.agency\/en\/wp-json\/wp\/v2\/media?parent=48"}],"curies":[{"name":"wp,v2,pages","href":"https:\/\/api.w.org\/{rel}","templated":true}]}}