{"id":35,"date":"2024-04-26T15:47:18","date_gmt":"2024-04-26T13:47:18","guid":{"rendered":"https:\/\/airis.agency\/contact\/"},"modified":"2026-02-19T17:02:51","modified_gmt":"2026-02-19T16:02:51","slug":"contact","status":"publish","type":"page","link":"https:\/\/airis.agency\/en\/contacto\/","title":{"rendered":"Contact"},"content":{"rendered":"\t\t<div data-elementor-type=\"wp-page\" data-elementor-id=\"35\" class=\"elementor elementor-35\" data-elementor-post-type=\"page\">\n\t\t\t\t<div class=\"elementor-element elementor-element-5c7787f e-flex e-con-boxed e-con e-parent\" data-id=\"5c7787f\" data-element_type=\"container\" data-e-type=\"container\" data-settings=\"{&quot;background_background&quot;:&quot;gradient&quot;}\">\n\t\t\t\t\t<div class=\"e-con-inner\">\n\t\t<div class=\"elementor-element elementor-element-510d259a e-con-full e-flex e-con e-child\" data-id=\"510d259a\" data-element_type=\"container\" data-e-type=\"container\">\n\t\t\t\t<div class=\"elementor-element elementor-element-75025588 elementor-widget elementor-widget-heading\" data-id=\"75025588\" data-element_type=\"widget\" data-e-type=\"widget\" data-widget_type=\"heading.default\">\n\t\t\t\t\t<div class=\"elementor-heading-title elementor-size-default\">AIRIS Agency<\/div>\t\t\t\t<\/div>\n\t\t\t\t<div class=\"elementor-element elementor-element-44fbb9f5 elementor-widget elementor-widget-heading\" data-id=\"44fbb9f5\" data-element_type=\"widget\" data-e-type=\"widget\" data-widget_type=\"heading.default\">\n\t\t\t\t\t<h1 class=\"elementor-heading-title elementor-size-default\">Contacto<\/h1>\t\t\t\t<\/div>\n\t\t\t\t<div class=\"elementor-element elementor-element-4e5e720d elementor-widget elementor-widget-text-editor\" data-id=\"4e5e720d\" data-element_type=\"widget\" data-e-type=\"widget\" data-widget_type=\"text-editor.default\">\n\t\t\t\t\t\t\t\t\t<p class=\"p1\">Estamos aqu\u00ed para ayudarte a llevar tu negocio al siguiente nivel.\u00a0<\/p>\t\t\t\t\t\t\t\t<\/div>\n\t\t\t\t<div class=\"elementor-element elementor-element-2e09961 elementor-icon-list--layout-traditional elementor-list-item-link-full_width elementor-widget elementor-widget-icon-list\" data-id=\"2e09961\" data-element_type=\"widget\" data-e-type=\"widget\" data-widget_type=\"icon-list.default\">\n\t\t\t\t\t\t\t<ul class=\"elementor-icon-list-items\">\n\t\t\t\t\t\t\t<li class=\"elementor-icon-list-item\">\n\t\t\t\t\t\t\t\t\t\t\t<a href=\"mailto:info@airis.agency\">\n\n\t\t\t\t\t\t\t\t\t\t\t\t<span class=\"elementor-icon-list-icon\">\n\t\t\t\t\t\t\t<svg aria-hidden=\"true\" class=\"e-font-icon-svg e-fas-envelope\" viewBox=\"0 0 512 512\" xmlns=\"http:\/\/www.w3.org\/2000\/svg\"><path d=\"M502.3 190.8c3.9-3.1 9.7-.2 9.7 4.7V400c0 26.5-21.5 48-48 48H48c-26.5 0-48-21.5-48-48V195.6c0-5 5.7-7.8 9.7-4.7 22.4 17.4 52.1 39.5 154.1 113.6 21.1 15.4 56.7 47.8 92.2 47.6 35.7.3 72-32.8 92.3-47.6 102-74.1 131.6-96.3 154-113.7zM256 320c23.2.4 56.6-29.2 73.4-41.4 132.7-96.3 142.8-104.7 173.4-128.7 5.8-4.5 9.2-11.5 9.2-18.9v-19c0-26.5-21.5-48-48-48H48C21.5 64 0 85.5 0 112v19c0 7.4 3.4 14.3 9.2 18.9 30.6 23.9 40.7 32.4 173.4 128.7 16.8 12.2 50.2 41.8 73.4 41.4z\"><\/path><\/svg>\t\t\t\t\t\t<\/span>\n\t\t\t\t\t\t\t\t\t\t<span class=\"elementor-icon-list-text\">info@airis.agency<\/span>\n\t\t\t\t\t\t\t\t\t\t\t<\/a>\n\t\t\t\t\t\t\t\t\t<\/li>\n\t\t\t\t\t\t\t\t<li class=\"elementor-icon-list-item\">\n\t\t\t\t\t\t\t\t\t\t\t<a href=\"tel:+34642516556\">\n\n\t\t\t\t\t\t\t\t\t\t\t\t<span class=\"elementor-icon-list-icon\">\n\t\t\t\t\t\t\t<svg aria-hidden=\"true\" class=\"e-font-icon-svg e-fas-phone-alt\" viewBox=\"0 0 512 512\" xmlns=\"http:\/\/www.w3.org\/2000\/svg\"><path d=\"M497.39 361.8l-112-48a24 24 0 0 0-28 6.9l-49.6 60.6A370.66 370.66 0 0 1 130.6 204.11l60.6-49.6a23.94 23.94 0 0 0 6.9-28l-48-112A24.16 24.16 0 0 0 122.6.61l-104 24A24 24 0 0 0 0 48c0 256.5 207.9 464 464 464a24 24 0 0 0 23.4-18.6l24-104a24.29 24.29 0 0 0-14.01-27.6z\"><\/path><\/svg>\t\t\t\t\t\t<\/span>\n\t\t\t\t\t\t\t\t\t\t<span class=\"elementor-icon-list-text\">642 51 65 56<\/span>\n\t\t\t\t\t\t\t\t\t\t\t<\/a>\n\t\t\t\t\t\t\t\t\t<\/li>\n\t\t\t\t\t\t\t\t<li class=\"elementor-icon-list-item\">\n\t\t\t\t\t\t\t\t\t\t\t<a href=\"https:\/\/maps.app.goo.gl\/1zGJRtm31xmU27kW8\">\n\n\t\t\t\t\t\t\t\t\t\t\t\t<span class=\"elementor-icon-list-icon\">\n\t\t\t\t\t\t\t<svg aria-hidden=\"true\" class=\"e-font-icon-svg e-fas-map-marker-alt\" viewBox=\"0 0 384 512\" xmlns=\"http:\/\/www.w3.org\/2000\/svg\"><path d=\"M172.268 501.67C26.97 291.031 0 269.413 0 192 0 85.961 85.961 0 192 0s192 85.961 192 192c0 77.413-26.97 99.031-172.268 309.67-9.535 13.774-29.93 13.773-39.464 0zM192 272c44.183 0 80-35.817 80-80s-35.817-80-80-80-80 35.817-80 80 35.817 80 80 80z\"><\/path><\/svg>\t\t\t\t\t\t<\/span>\n\t\t\t\t\t\t\t\t\t\t<span class=\"elementor-icon-list-text\">C. Quevedo, 8, Nueva Andaluc\u00eda, 29660 Marbella, M\u00e1laga<\/span>\n\t\t\t\t\t\t\t\t\t\t\t<\/a>\n\t\t\t\t\t\t\t\t\t<\/li>\n\t\t\t\t\t\t<\/ul>\n\t\t\t\t\t\t<\/div>\n\t\t\t\t<div class=\"elementor-element elementor-element-62fed9a elementor-hidden-mobile elementor-widget elementor-widget-google_maps\" data-id=\"62fed9a\" data-element_type=\"widget\" data-e-type=\"widget\" data-widget_type=\"google_maps.default\">\n\t\t\t\t\t\t\t<div class=\"elementor-custom-embed\">\n\t\t\t<iframe loading=\"lazy\"\n\t\t\t\t\tsrc=\"https:\/\/maps.google.com\/maps?q=AIRIS%20Agency%2029660&#038;t=m&#038;z=12&#038;output=embed&#038;iwloc=near\"\n\t\t\t\t\ttitle=\"AIRIS Agency 29660\"\n\t\t\t\t\taria-label=\"AIRIS Agency 29660\"\n\t\t\t><\/iframe>\n\t\t<\/div>\n\t\t\t\t\t\t<\/div>\n\t\t\t\t<div class=\"elementor-element elementor-element-6817eee elementor-widget elementor-widget-text-editor\" data-id=\"6817eee\" data-element_type=\"widget\" data-e-type=\"widget\" data-widget_type=\"text-editor.default\">\n\t\t\t\t\t\t\t\t\t<p>Estamos ubicados en Calle Quevedo 8, en plena Nueva Andaluc\u00eda. Dispones de aparcamiento gratuito en la zona.<\/p>\t\t\t\t\t\t\t\t<\/div>\n\t\t\t\t<\/div>\n\t\t\t\t<div class=\"elementor-element elementor-element-78ff7b1 elementor-widget__width-initial elementor-widget-tablet__width-inherit myform elementor-tablet-button-align-stretch elementor-button-align-stretch elementor-widget elementor-widget-global elementor-global-2650 elementor-widget-form\" data-id=\"78ff7b1\" data-element_type=\"widget\" data-e-type=\"widget\" data-settings=\"{&quot;step_next_label&quot;:&quot;Next&quot;,&quot;step_previous_label&quot;:&quot;Previous&quot;,&quot;button_width_tablet&quot;:&quot;100&quot;,&quot;button_width&quot;:&quot;100&quot;,&quot;step_type&quot;:&quot;number_text&quot;,&quot;step_icon_shape&quot;:&quot;circle&quot;}\" data-widget_type=\"form.default\">\n\t\t\t\t\t\t\t<form class=\"elementor-form\" method=\"post\" name=\"Formulario contacto\" aria-label=\"Formulario contacto\">\n\t\t\t<input type=\"hidden\" name=\"post_id\" value=\"35\"\/>\n\t\t\t<input type=\"hidden\" name=\"form_id\" value=\"78ff7b1\"\/>\n\t\t\t<input type=\"hidden\" name=\"referer_title\" value=\"AIRIS Agency\" \/>\n\n\t\t\t\n\t\t\t<div class=\"elementor-form-fields-wrapper elementor-labels-above\">\n\t\t\t\t\t\t\t\t<div class=\"elementor-field-type-text elementor-field-group elementor-column elementor-field-group-nombre elementor-col-50 elementor-sm-50 elementor-field-required\">\n\t\t\t\t\t\t\t\t\t\t\t\t<label for=\"form-field-nombre\" class=\"elementor-field-label\">\n\t\t\t\t\t\t\t\tNombre\t\t\t\t\t\t\t<\/label>\n\t\t\t\t\t\t\t\t\t\t\t\t\t\t<input size=\"1\" type=\"text\" name=\"form_fields[nombre]\" id=\"form-field-nombre\" class=\"elementor-field elementor-size-sm  elementor-field-textual\" placeholder=\"Nombre\" required=\"required\">\n\t\t\t\t\t\t\t\t\t\t\t<\/div>\n\t\t\t\t\t\t\t\t<div class=\"elementor-field-type-text elementor-field-group elementor-column elementor-field-group-apellidos elementor-col-50 elementor-sm-50 elementor-field-required\">\n\t\t\t\t\t\t\t\t\t\t\t\t<label for=\"form-field-apellidos\" class=\"elementor-field-label\">\n\t\t\t\t\t\t\t\tApellidos\t\t\t\t\t\t\t<\/label>\n\t\t\t\t\t\t\t\t\t\t\t\t\t\t<input size=\"1\" type=\"text\" name=\"form_fields[apellidos]\" id=\"form-field-apellidos\" class=\"elementor-field elementor-size-sm  elementor-field-textual\" placeholder=\"Apellidos\" required=\"required\">\n\t\t\t\t\t\t\t\t\t\t\t<\/div>\n\t\t\t\t\t\t\t\t<div class=\"elementor-field-type-email elementor-field-group elementor-column elementor-field-group-email elementor-col-50 elementor-field-required\">\n\t\t\t\t\t\t\t\t\t\t\t\t<label for=\"form-field-email\" class=\"elementor-field-label\">\n\t\t\t\t\t\t\t\tEmail\t\t\t\t\t\t\t<\/label>\n\t\t\t\t\t\t\t\t\t\t\t\t\t\t<input size=\"1\" type=\"email\" name=\"form_fields[email]\" id=\"form-field-email\" class=\"elementor-field elementor-size-sm  elementor-field-textual\" placeholder=\"Email\" required=\"required\">\n\t\t\t\t\t\t\t\t\t\t\t<\/div>\n\t\t\t\t\t\t\t\t<div class=\"elementor-field-type-tel elementor-field-group elementor-column elementor-field-group-telefono elementor-col-50 elementor-field-required\">\n\t\t\t\t\t\t\t\t\t\t\t\t<label for=\"form-field-telefono\" class=\"elementor-field-label\">\n\t\t\t\t\t\t\t\tTel\u00e9fono\t\t\t\t\t\t\t<\/label>\n\t\t\t\t\t\t\t\t<input size=\"1\" type=\"tel\" name=\"form_fields[telefono]\" id=\"form-field-telefono\" class=\"elementor-field elementor-size-sm  elementor-field-textual\" placeholder=\"+34 600 222 111\" required=\"required\" pattern=\"[0-9()#&amp;+*-=.]+\" title=\"Only numbers and phone characters (#, -, *, etc) are accepted.\">\n\n\t\t\t\t\t\t<\/div>\n\t\t\t\t\t\t\t\t<div class=\"elementor-field-type-text elementor-field-group elementor-column elementor-field-group-nombredeempresa elementor-col-100 elementor-field-required\">\n\t\t\t\t\t\t\t\t\t\t\t\t<label for=\"form-field-nombredeempresa\" class=\"elementor-field-label\">\n\t\t\t\t\t\t\t\t\u00bfCu\u00e1l es el nombre de tu empresa o negocio?\t\t\t\t\t\t\t<\/label>\n\t\t\t\t\t\t\t\t\t\t\t\t\t\t<input size=\"1\" type=\"text\" name=\"form_fields[nombredeempresa]\" id=\"form-field-nombredeempresa\" class=\"elementor-field elementor-size-sm  elementor-field-textual\" placeholder=\"Nombre de empresa\" required=\"required\">\n\t\t\t\t\t\t\t\t\t\t\t<\/div>\n\t\t\t\t\t\t\t\t<div class=\"elementor-field-type-select elementor-field-group elementor-column elementor-field-group-servicio elementor-col-100 elementor-field-required\">\n\t\t\t\t\t\t\t\t\t\t\t\t<label for=\"form-field-servicio\" class=\"elementor-field-label\">\n\t\t\t\t\t\t\t\t\u00bfQu\u00e9 servicio te interesa?\t\t\t\t\t\t\t<\/label>\n\t\t\t\t\t\t\t\t<div class=\"elementor-field elementor-select-wrapper remove-before \">\n\t\t\t<div class=\"select-caret-down-wrapper\">\n\t\t\t\t<svg aria-hidden=\"true\" class=\"e-font-icon-svg e-eicon-caret-down\" viewBox=\"0 0 571.4 571.4\" xmlns=\"http:\/\/www.w3.org\/2000\/svg\"><path d=\"M571 393Q571 407 561 418L311 668Q300 679 286 679T261 668L11 418Q0 407 0 393T11 368 36 357H536Q550 357 561 368T571 393Z\"><\/path><\/svg>\t\t\t<\/div>\n\t\t\t<select name=\"form_fields[servicio]\" id=\"form-field-servicio\" class=\"elementor-field-textual elementor-size-sm\" required=\"required\">\n\t\t\t\t\t\t\t\t\t<option value=\"SEO\">SEO<\/option>\n\t\t\t\t\t\t\t\t\t<option value=\"Redes sociales\">Redes sociales<\/option>\n\t\t\t\t\t\t\t\t\t<option value=\"SEM\">SEM<\/option>\n\t\t\t\t\t\t\t\t\t<option value=\"Dise\u00f1o Web\">Dise\u00f1o Web<\/option>\n\t\t\t\t\t\t\t\t\t<option value=\"Publicidad digital\">Publicidad digital<\/option>\n\t\t\t\t\t\t\t\t\t<option value=\"Varios servicios\">Varios servicios<\/option>\n\t\t\t\t\t\t\t\t\t<option value=\"Otro...\">Otro...<\/option>\n\t\t\t\t\t\t\t<\/select>\n\t\t<\/div>\n\t\t\t\t\t\t<\/div>\n\t\t\t\t\t\t\t\t<div class=\"elementor-field-type-radio elementor-field-group elementor-column elementor-field-group-field_1313715 elementor-col-50 elementor-field-required\">\n\t\t\t\t\t\t\t\t\t\t\t\t<label for=\"form-field-field_1313715\" class=\"elementor-field-label\">\n\t\t\t\t\t\t\t\t\u00bfQu\u00e9 presupuesto tienes disponible para este proyecto?\t\t\t\t\t\t\t<\/label>\n\t\t\t\t\t\t<div class=\"elementor-field-subgroup  \"><span class=\"elementor-field-option\"><input type=\"radio\" value=\"&lt; 1.000\u20ac\" id=\"form-field-field_1313715-0\" name=\"form_fields[field_1313715]\" required=\"required\"> <label for=\"form-field-field_1313715-0\">< 1.000\u20ac<\/label><\/span><span class=\"elementor-field-option\"><input type=\"radio\" value=\"Entre 1.000 y 5.000\u20ac\" id=\"form-field-field_1313715-1\" name=\"form_fields[field_1313715]\" required=\"required\"> <label for=\"form-field-field_1313715-1\">Entre 1.000 y 5.000\u20ac<\/label><\/span><span class=\"elementor-field-option\"><input type=\"radio\" value=\"&gt; 5.000\u20ac\" id=\"form-field-field_1313715-2\" name=\"form_fields[field_1313715]\" required=\"required\"> <label for=\"form-field-field_1313715-2\">> 5.000\u20ac<\/label><\/span><\/div>\t\t\t\t<\/div>\n\t\t\t\t\t\t\t\t<div class=\"elementor-field-type-radio elementor-field-group elementor-column elementor-field-group-web elementor-col-50 elementor-field-required\">\n\t\t\t\t\t\t\t\t\t\t\t\t<label for=\"form-field-web\" class=\"elementor-field-label\">\n\t\t\t\t\t\t\t\t\u00bfTiene actualmente p\u00e1gina web?\t\t\t\t\t\t\t<\/label>\n\t\t\t\t\t\t<div class=\"elementor-field-subgroup  \"><span class=\"elementor-field-option\"><input type=\"radio\" value=\"S\u00ed, ya la tengo\" id=\"form-field-web-0\" name=\"form_fields[web]\" required=\"required\"> <label for=\"form-field-web-0\">S\u00ed, ya la tengo<\/label><\/span><span class=\"elementor-field-option\"><input type=\"radio\" value=\"No, pero quiero crearla\" id=\"form-field-web-1\" name=\"form_fields[web]\" required=\"required\"> <label for=\"form-field-web-1\">No, pero quiero crearla<\/label><\/span><span class=\"elementor-field-option\"><input type=\"radio\" value=\"S\u00ed, pero quiero redise\u00f1arla\" id=\"form-field-web-2\" name=\"form_fields[web]\" required=\"required\"> <label for=\"form-field-web-2\">S\u00ed, pero quiero redise\u00f1arla<\/label><\/span><\/div>\t\t\t\t<\/div>\n\t\t\t\t\t\t\t\t<div class=\"elementor-field-type-textarea elementor-field-group elementor-column elementor-field-group-mensaje elementor-col-100 elementor-field-required\">\n\t\t\t\t\t\t\t\t\t\t\t\t<label for=\"form-field-mensaje\" class=\"elementor-field-label\">\n\t\t\t\t\t\t\t\tCu\u00e9ntanos sobre tu proyecto\t\t\t\t\t\t\t<\/label>\n\t\t\t\t\t\t<textarea class=\"elementor-field-textual elementor-field  elementor-size-sm\" name=\"form_fields[mensaje]\" id=\"form-field-mensaje\" rows=\"6\" placeholder=\"Escribe aqu\u00ed tu mensaje...\" required=\"required\"><\/textarea>\t\t\t\t<\/div>\n\t\t\t\t\t\t\t\t<div class=\"elementor-field-type-acceptance elementor-field-group elementor-column elementor-field-group-verificacion elementor-col-100 elementor-field-required\">\n\t\t\t\t\t\t\t<div class=\"elementor-field-subgroup\">\n\t\t\t<span class=\"elementor-field-option\">\n\t\t\t\t<input type=\"checkbox\" name=\"form_fields[verificacion]\" id=\"form-field-verificacion\" class=\"elementor-field elementor-size-sm  elementor-acceptance-field\" required=\"required\">\n\t\t\t\t<label for=\"form-field-verificacion\">Acepto la pol\u00edtica de privacidad.<\/label>\t\t\t<\/span>\n\t\t<\/div>\n\t\t\t\t\t\t<\/div>\n\t\t\t\t\t\t\t\t<div class=\"elementor-field-type-recaptcha_v3 elementor-field-group elementor-column elementor-field-group-field_283aa6a elementor-col-100 recaptcha_v3-bottomleft\">\n\t\t\t\t\t<div class=\"elementor-field\" id=\"form-field-field_283aa6a\"><div class=\"elementor-g-recaptcha\" data-sitekey=\"6LedRVUrAAAAAF0DaSmBlCg4o-VpUShvt9-xbosN\" data-type=\"v3\" data-action=\"Form\" data-badge=\"bottomleft\" data-size=\"invisible\"><\/div><\/div>\t\t\t\t<\/div>\n\t\t\t\t\t\t\t\t<div class=\"elementor-field-type-text\">\n\t\t\t\t\t<input size=\"1\" type=\"text\" name=\"form_fields[field_0460e40]\" id=\"form-field-field_0460e40\" class=\"elementor-field elementor-size-sm \" style=\"display:none !important;\">\t\t\t\t<\/div>\n\t\t\t\t\t\t\t\t<div class=\"elementor-field-group elementor-column elementor-field-type-submit elementor-col-100 e-form__buttons elementor-md-100\">\n\t\t\t\t\t<button class=\"elementor-button elementor-size-sm\" type=\"submit\">\n\t\t\t\t\t\t<span class=\"elementor-button-content-wrapper\">\n\t\t\t\t\t\t\t\t\t\t\t\t\t\t\t\t\t\t\t\t\t\t<span class=\"elementor-button-text\">ENVIAR<\/span>\n\t\t\t\t\t\t\t\t\t\t\t\t\t<\/span>\n\t\t\t\t\t<\/button>\n\t\t\t\t<\/div>\n\t\t\t<\/div>\n\t\t<\/form>\n\t\t\t\t\t\t<\/div>\n\t\t\t\t\t<\/div>\n\t\t\t\t<\/div>\n\t\t\t\t<\/div>\n\t\t","protected":false},"excerpt":{"rendered":"<p>AIRIS Agency Contact Us We are here to help you take your business to the next level. info@airis.agency 642 51 65 56 C. Quevedo, 8, Nueva Andaluc\u00eda, 29660 Marbella, M\u00e1laga We are located at Calle Quevedo 8, in the heart of Nueva Andaluc\u00eda. Free parking is available on site.<\/p>","protected":false},"author":1,"featured_media":0,"parent":0,"menu_order":0,"comment_status":"closed","ping_status":"closed","template":"elementor_header_footer","meta":{"footnotes":""},"class_list":["post-35","page","type-page","status-publish","hentry"],"yoast_head":"<!-- This site is optimized with the Yoast SEO Premium plugin v27.4 (Yoast SEO v27.4) - https:\/\/yoast.com\/product\/yoast-seo-premium-wordpress\/ -->\n<title>Contacto - AIRIS Agency<\/title>\n<meta name=\"robots\" content=\"index, follow, max-snippet:-1, max-image-preview:large, max-video-preview:-1\" \/>\n<link rel=\"canonical\" href=\"https:\/\/airis.agency\/en\/contact\/\" \/>\n<meta property=\"og:locale\" content=\"en_GB\" \/>\n<meta property=\"og:type\" content=\"article\" \/>\n<meta property=\"og:title\" content=\"Contacto\" \/>\n<meta property=\"og:description\" content=\"AIRIS Agency Contacto Estamos aqu\u00ed para ayudarte a llevar tu negocio al siguiente nivel.\u00a0 info@airis.agency 642 51 65 56 C. Quevedo, 8, Nueva Andaluc\u00eda, 29660 Marbella, M\u00e1laga Estamos ubicados en Calle Quevedo 8, en plena Nueva Andaluc\u00eda. Dispones de aparcamiento gratuito en la zona.\" \/>\n<meta property=\"og:url\" content=\"https:\/\/airis.agency\/en\/contact\/\" \/>\n<meta property=\"og:site_name\" content=\"AIRIS Agency\" \/>\n<meta property=\"article:modified_time\" content=\"2026-02-19T16:02:51+00:00\" \/>\n<meta property=\"og:image\" content=\"https:\/\/airis.agency\/wp-content\/uploads\/2024\/11\/logo-airis-cuadrado-1.png\" \/>\n\t<meta property=\"og:image:width\" content=\"1080\" \/>\n\t<meta property=\"og:image:height\" content=\"1080\" \/>\n\t<meta property=\"og:image:type\" content=\"image\/png\" \/>\n<meta name=\"twitter:card\" content=\"summary_large_image\" \/>\n<script type=\"application\/ld+json\" class=\"yoast-schema-graph\">{\"@context\":\"https:\\\/\\\/schema.org\",\"@graph\":[{\"@type\":\"WebPage\",\"@id\":\"https:\\\/\\\/airis.agency\\\/contacto\\\/\",\"url\":\"https:\\\/\\\/airis.agency\\\/contacto\\\/\",\"name\":\"Contacto - AIRIS Agency\",\"isPartOf\":{\"@id\":\"https:\\\/\\\/airis.agency\\\/#website\"},\"datePublished\":\"2024-04-26T13:47:18+00:00\",\"dateModified\":\"2026-02-19T16:02:51+00:00\",\"breadcrumb\":{\"@id\":\"https:\\\/\\\/airis.agency\\\/contacto\\\/#breadcrumb\"},\"inLanguage\":\"en-GB\",\"potentialAction\":[{\"@type\":\"ReadAction\",\"target\":[\"https:\\\/\\\/airis.agency\\\/contacto\\\/\"]}]},{\"@type\":\"BreadcrumbList\",\"@id\":\"https:\\\/\\\/airis.agency\\\/contacto\\\/#breadcrumb\",\"itemListElement\":[{\"@type\":\"ListItem\",\"position\":1,\"name\":\"Inicio\",\"item\":\"https:\\\/\\\/airis.agency\\\/\"},{\"@type\":\"ListItem\",\"position\":2,\"name\":\"Contacto\"}]},{\"@type\":\"WebSite\",\"@id\":\"https:\\\/\\\/airis.agency\\\/#website\",\"url\":\"https:\\\/\\\/airis.agency\\\/\",\"name\":\"AIRIS Agency\",\"description\":\"Agencia de Marketing en Marbella\",\"publisher\":{\"@id\":\"https:\\\/\\\/airis.agency\\\/#organization\"},\"alternateName\":\"AIRIS\",\"potentialAction\":[{\"@type\":\"SearchAction\",\"target\":{\"@type\":\"EntryPoint\",\"urlTemplate\":\"https:\\\/\\\/airis.agency\\\/?s={search_term_string}\"},\"query-input\":{\"@type\":\"PropertyValueSpecification\",\"valueRequired\":true,\"valueName\":\"search_term_string\"}}],\"inLanguage\":\"en-GB\"},{\"@type\":\"Organization\",\"@id\":\"https:\\\/\\\/airis.agency\\\/#organization\",\"name\":\"AIRIS Agency\",\"alternateName\":\"AIRIS\",\"url\":\"https:\\\/\\\/airis.agency\\\/\",\"logo\":{\"@type\":\"ImageObject\",\"inLanguage\":\"en-GB\",\"@id\":\"https:\\\/\\\/airis.agency\\\/#\\\/schema\\\/logo\\\/image\\\/\",\"url\":\"https:\\\/\\\/airis.agency\\\/wp-content\\\/uploads\\\/2024\\\/11\\\/logo-airis-cuadrado-1.png\",\"contentUrl\":\"https:\\\/\\\/airis.agency\\\/wp-content\\\/uploads\\\/2024\\\/11\\\/logo-airis-cuadrado-1.png\",\"width\":1080,\"height\":1080,\"caption\":\"AIRIS Agency\"},\"image\":{\"@id\":\"https:\\\/\\\/airis.agency\\\/#\\\/schema\\\/logo\\\/image\\\/\"},\"description\":\"Agencia de marketing en Marbella\",\"email\":\"info@airis.agency\",\"telephone\":\"642 51 65 56\"}]}<\/script>\n<!-- \/ Yoast SEO Premium plugin. -->","yoast_head_json":{"title":"Contact - AIRIS Agency","robots":{"index":"index","follow":"follow","max-snippet":"max-snippet:-1","max-image-preview":"max-image-preview:large","max-video-preview":"max-video-preview:-1"},"canonical":"https:\/\/airis.agency\/en\/contact\/","og_locale":"en_GB","og_type":"article","og_title":"Contacto","og_description":"AIRIS Agency Contacto Estamos aqu\u00ed para ayudarte a llevar tu negocio al siguiente nivel.\u00a0 info@airis.agency 642 51 65 56 C. Quevedo, 8, Nueva Andaluc\u00eda, 29660 Marbella, M\u00e1laga Estamos ubicados en Calle Quevedo 8, en plena Nueva Andaluc\u00eda. Dispones de aparcamiento gratuito en la zona.","og_url":"https:\/\/airis.agency\/en\/contact\/","og_site_name":"AIRIS Agency","article_modified_time":"2026-02-19T16:02:51+00:00","og_image":[{"width":1080,"height":1080,"url":"https:\/\/airis.agency\/wp-content\/uploads\/2024\/11\/logo-airis-cuadrado-1.png","type":"image\/png"}],"twitter_card":"summary_large_image","schema":{"@context":"https:\/\/schema.org","@graph":[{"@type":"WebPage","@id":"https:\/\/airis.agency\/contacto\/","url":"https:\/\/airis.agency\/contacto\/","name":"Contact - AIRIS Agency","isPartOf":{"@id":"https:\/\/airis.agency\/#website"},"datePublished":"2024-04-26T13:47:18+00:00","dateModified":"2026-02-19T16:02:51+00:00","breadcrumb":{"@id":"https:\/\/airis.agency\/contacto\/#breadcrumb"},"inLanguage":"en-GB","potentialAction":[{"@type":"ReadAction","target":["https:\/\/airis.agency\/contacto\/"]}]},{"@type":"BreadcrumbList","@id":"https:\/\/airis.agency\/contacto\/#breadcrumb","itemListElement":[{"@type":"ListItem","position":1,"name":"Inicio","item":"https:\/\/airis.agency\/"},{"@type":"ListItem","position":2,"name":"Contacto"}]},{"@type":"WebSite","@id":"https:\/\/airis.agency\/#website","url":"https:\/\/airis.agency\/","name":"AIRIS Agency","description":"Marketing Agency in Marbella","publisher":{"@id":"https:\/\/airis.agency\/#organization"},"alternateName":"AIRIS","potentialAction":[{"@type":"SearchAction","target":{"@type":"EntryPoint","urlTemplate":"https:\/\/airis.agency\/?s={search_term_string}"},"query-input":{"@type":"PropertyValueSpecification","valueRequired":true,"valueName":"search_term_string"}}],"inLanguage":"en-GB"},{"@type":"Organization","@id":"https:\/\/airis.agency\/#organization","name":"AIRIS Agency","alternateName":"AIRIS","url":"https:\/\/airis.agency\/","logo":{"@type":"ImageObject","inLanguage":"en-GB","@id":"https:\/\/airis.agency\/#\/schema\/logo\/image\/","url":"https:\/\/airis.agency\/wp-content\/uploads\/2024\/11\/logo-airis-cuadrado-1.png","contentUrl":"https:\/\/airis.agency\/wp-content\/uploads\/2024\/11\/logo-airis-cuadrado-1.png","width":1080,"height":1080,"caption":"AIRIS Agency"},"image":{"@id":"https:\/\/airis.agency\/#\/schema\/logo\/image\/"},"description":"Marketing agency in Marbella","email":"info@airis.agency","telephone":"642 51 65 56"}]}},"_links":{"self":[{"href":"https:\/\/airis.agency\/en\/wp-json\/wp\/v2\/pages\/35","targetHints":{"allow":["GET"]}}],"collection":[{"href":"https:\/\/airis.agency\/en\/wp-json\/wp\/v2\/pages"}],"about":[{"href":"https:\/\/airis.agency\/en\/wp-json\/wp\/v2\/types\/page"}],"author":[{"embeddable":true,"href":"https:\/\/airis.agency\/en\/wp-json\/wp\/v2\/users\/1"}],"replies":[{"embeddable":true,"href":"https:\/\/airis.agency\/en\/wp-json\/wp\/v2\/comments?post=35"}],"version-history":[{"count":0,"href":"https:\/\/airis.agency\/en\/wp-json\/wp\/v2\/pages\/35\/revisions"}],"wp:attachment":[{"href":"https:\/\/airis.agency\/en\/wp-json\/wp\/v2\/media?parent=35"}],"curies":[{"name":"wp,v2,pages","href":"https:\/\/api.w.org\/{rel}","templated":true}]}}