{"id":2849,"date":"2024-11-28T17:16:58","date_gmt":"2024-11-28T16:16:58","guid":{"rendered":"https:\/\/airis.agency\/?page_id=2849"},"modified":"2024-11-28T17:32:20","modified_gmt":"2024-11-28T16:32:20","slug":"jobs","status":"publish","type":"page","link":"https:\/\/airis.agency\/en\/jobs\/","title":{"rendered":"Jobs"},"content":{"rendered":"<div data-elementor-type=\"wp-page\" data-elementor-id=\"2849\" class=\"elementor elementor-2849\" data-elementor-post-type=\"page\">\n\t\t\t\t<div class=\"elementor-element elementor-element-7353cab e-con-full e-flex e-con e-parent\" data-id=\"7353cab\" data-element_type=\"container\" data-e-type=\"container\">\n\t\t\t\t<div class=\"elementor-element elementor-element-755f91a elementor-widget elementor-widget-heading\" data-id=\"755f91a\" data-element_type=\"widget\" data-e-type=\"widget\" data-widget_type=\"heading.default\">\n\t\t\t\t\t<p class=\"elementor-heading-title elementor-size-default\">Join us!<\/p>\t\t\t\t<\/div>\n\t\t\t\t<div class=\"elementor-element elementor-element-94328d7 elementor-widget elementor-widget-text-editor\" data-id=\"94328d7\" data-element_type=\"widget\" data-e-type=\"widget\" data-widget_type=\"text-editor.default\">\n\t\t\t\t\t\t\t\t\t<p>We are looking for talent like you, eager to work and to grow personally and professionally.<\/p><p>Write to us and send us your CV and\/or portfolio to jobs@airis.agency<\/p>\t\t\t\t\t\t\t\t<\/div>\n\t\t<div class=\"elementor-element elementor-element-20022bd e-grid e-con-full e-con e-child\" data-id=\"20022bd\" data-element_type=\"container\" data-e-type=\"container\">\n\t\t<div class=\"elementor-element elementor-element-3b78cec e-con-full e-flex e-con e-child\" data-id=\"3b78cec\" data-element_type=\"container\" data-e-type=\"container\" data-settings=\"{&quot;background_background&quot;:&quot;classic&quot;}\">\n\t\t\t\t<div class=\"elementor-element elementor-element-0fada99 elementor-widget elementor-widget-heading\" data-id=\"0fada99\" data-element_type=\"widget\" data-e-type=\"widget\" data-widget_type=\"heading.default\">\n\t\t\t\t\t<p class=\"elementor-heading-title elementor-size-default\">SEO Specialist<\/p>\t\t\t\t<\/div>\n\t\t\t\t<\/div>\n\t\t<div class=\"elementor-element elementor-element-0ffd3cd e-con-full e-flex e-con e-child\" data-id=\"0ffd3cd\" data-element_type=\"container\" data-e-type=\"container\" data-settings=\"{&quot;background_background&quot;:&quot;classic&quot;}\">\n\t\t\t\t<div class=\"elementor-element elementor-element-a81b125 elementor-widget elementor-widget-heading\" data-id=\"a81b125\" data-element_type=\"widget\" data-e-type=\"widget\" data-widget_type=\"heading.default\">\n\t\t\t\t\t<p class=\"elementor-heading-title elementor-size-default\">Social Media Manager<\/p>\t\t\t\t<\/div>\n\t\t\t\t<\/div>\n\t\t<div class=\"elementor-element elementor-element-9e2e556 e-con-full e-flex e-con e-child\" data-id=\"9e2e556\" data-element_type=\"container\" data-e-type=\"container\" data-settings=\"{&quot;background_background&quot;:&quot;classic&quot;}\">\n\t\t\t\t<div class=\"elementor-element elementor-element-f1a535d elementor-widget elementor-widget-heading\" data-id=\"f1a535d\" data-element_type=\"widget\" data-e-type=\"widget\" data-widget_type=\"heading.default\">\n\t\t\t\t\t<p class=\"elementor-heading-title elementor-size-default\">Web Designer<\/p>\t\t\t\t<\/div>\n\t\t\t\t<\/div>\n\t\t\t\t<\/div>\n\t\t\t\t<\/div>\n\t\t\t\t<\/div>","protected":false},"excerpt":{"rendered":"<p>Join us! We are looking for talent like you with a desire to work and grow personally and professionally. Write to us and send us your CV and\/or portfolio to jobs@airis.agency SEO Specialist Social Media Manager Web Designer<\/p>","protected":false},"author":1,"featured_media":0,"parent":0,"menu_order":0,"comment_status":"closed","ping_status":"closed","template":"","meta":{"footnotes":""},"class_list":["post-2849","page","type-page","status-publish","hentry"],"yoast_head":"<!-- This site is optimized with the Yoast SEO Premium plugin v27.4 (Yoast SEO v27.4) - https:\/\/yoast.com\/product\/yoast-seo-premium-wordpress\/ -->\n<title>Jobs - AIRIS Agency<\/title>\n<meta name=\"robots\" content=\"noindex, nofollow\" \/>\n<meta property=\"og:locale\" content=\"en_GB\" \/>\n<meta property=\"og:type\" content=\"article\" \/>\n<meta property=\"og:title\" content=\"Jobs\" \/>\n<meta property=\"og:description\" content=\"\u00a1\u00danete a nosotros! Buscamos talento como t\u00fa con ganas de trabajar y de crecer personal y profesionalmente. Escr\u00edbenos y m\u00e1ndanos tu CV y\/o portfolio a jobs@airis.agency SEO Specialist Social Media Manager Web Designer\" \/>\n<meta property=\"og:url\" content=\"https:\/\/airis.agency\/en\/jobs\/\" \/>\n<meta property=\"og:site_name\" content=\"AIRIS Agency\" \/>\n<meta property=\"article:modified_time\" content=\"2024-11-28T16:32:20+00:00\" \/>\n<meta property=\"og:image\" content=\"https:\/\/airis.agency\/wp-content\/uploads\/2024\/11\/logo-airis-cuadrado-1.png\" \/>\n\t<meta property=\"og:image:width\" content=\"1080\" \/>\n\t<meta property=\"og:image:height\" content=\"1080\" \/>\n\t<meta property=\"og:image:type\" content=\"image\/png\" \/>\n<meta name=\"twitter:card\" content=\"summary_large_image\" \/>\n<script type=\"application\/ld+json\" class=\"yoast-schema-graph\">{\"@context\":\"https:\\\/\\\/schema.org\",\"@graph\":[{\"@type\":\"WebPage\",\"@id\":\"https:\\\/\\\/airis.agency\\\/jobs\\\/\",\"url\":\"https:\\\/\\\/airis.agency\\\/jobs\\\/\",\"name\":\"Jobs - AIRIS Agency\",\"isPartOf\":{\"@id\":\"https:\\\/\\\/airis.agency\\\/#website\"},\"datePublished\":\"2024-11-28T16:16:58+00:00\",\"dateModified\":\"2024-11-28T16:32:20+00:00\",\"breadcrumb\":{\"@id\":\"https:\\\/\\\/airis.agency\\\/jobs\\\/#breadcrumb\"},\"inLanguage\":\"en-GB\",\"potentialAction\":[{\"@type\":\"ReadAction\",\"target\":[\"https:\\\/\\\/airis.agency\\\/jobs\\\/\"]}]},{\"@type\":\"BreadcrumbList\",\"@id\":\"https:\\\/\\\/airis.agency\\\/jobs\\\/#breadcrumb\",\"itemListElement\":[{\"@type\":\"ListItem\",\"position\":1,\"name\":\"Inicio\",\"item\":\"https:\\\/\\\/airis.agency\\\/\"},{\"@type\":\"ListItem\",\"position\":2,\"name\":\"Jobs\"}]},{\"@type\":\"WebSite\",\"@id\":\"https:\\\/\\\/airis.agency\\\/#website\",\"url\":\"https:\\\/\\\/airis.agency\\\/\",\"name\":\"AIRIS Agency\",\"description\":\"Agencia de Marketing en Marbella\",\"publisher\":{\"@id\":\"https:\\\/\\\/airis.agency\\\/#organization\"},\"alternateName\":\"AIRIS\",\"potentialAction\":[{\"@type\":\"SearchAction\",\"target\":{\"@type\":\"EntryPoint\",\"urlTemplate\":\"https:\\\/\\\/airis.agency\\\/?s={search_term_string}\"},\"query-input\":{\"@type\":\"PropertyValueSpecification\",\"valueRequired\":true,\"valueName\":\"search_term_string\"}}],\"inLanguage\":\"en-GB\"},{\"@type\":\"Organization\",\"@id\":\"https:\\\/\\\/airis.agency\\\/#organization\",\"name\":\"AIRIS Agency\",\"alternateName\":\"AIRIS\",\"url\":\"https:\\\/\\\/airis.agency\\\/\",\"logo\":{\"@type\":\"ImageObject\",\"inLanguage\":\"en-GB\",\"@id\":\"https:\\\/\\\/airis.agency\\\/#\\\/schema\\\/logo\\\/image\\\/\",\"url\":\"https:\\\/\\\/airis.agency\\\/wp-content\\\/uploads\\\/2024\\\/11\\\/logo-airis-cuadrado-1.png\",\"contentUrl\":\"https:\\\/\\\/airis.agency\\\/wp-content\\\/uploads\\\/2024\\\/11\\\/logo-airis-cuadrado-1.png\",\"width\":1080,\"height\":1080,\"caption\":\"AIRIS Agency\"},\"image\":{\"@id\":\"https:\\\/\\\/airis.agency\\\/#\\\/schema\\\/logo\\\/image\\\/\"},\"description\":\"Agencia de marketing en Marbella\",\"email\":\"info@airis.agency\",\"telephone\":\"642 51 65 56\"}]}<\/script>\n<!-- \/ Yoast SEO Premium plugin. -->","yoast_head_json":{"title":"Jobs - AIRIS Agency","robots":{"index":"noindex","follow":"nofollow"},"og_locale":"en_GB","og_type":"article","og_title":"Jobs","og_description":"\u00a1\u00danete a nosotros! Buscamos talento como t\u00fa con ganas de trabajar y de crecer personal y profesionalmente. Escr\u00edbenos y m\u00e1ndanos tu CV y\/o portfolio a jobs@airis.agency SEO Specialist Social Media Manager Web Designer","og_url":"https:\/\/airis.agency\/en\/jobs\/","og_site_name":"AIRIS Agency","article_modified_time":"2024-11-28T16:32:20+00:00","og_image":[{"width":1080,"height":1080,"url":"https:\/\/airis.agency\/wp-content\/uploads\/2024\/11\/logo-airis-cuadrado-1.png","type":"image\/png"}],"twitter_card":"summary_large_image","schema":{"@context":"https:\/\/schema.org","@graph":[{"@type":"WebPage","@id":"https:\/\/airis.agency\/jobs\/","url":"https:\/\/airis.agency\/jobs\/","name":"Jobs - AIRIS Agency","isPartOf":{"@id":"https:\/\/airis.agency\/#website"},"datePublished":"2024-11-28T16:16:58+00:00","dateModified":"2024-11-28T16:32:20+00:00","breadcrumb":{"@id":"https:\/\/airis.agency\/jobs\/#breadcrumb"},"inLanguage":"en-GB","potentialAction":[{"@type":"ReadAction","target":["https:\/\/airis.agency\/jobs\/"]}]},{"@type":"BreadcrumbList","@id":"https:\/\/airis.agency\/jobs\/#breadcrumb","itemListElement":[{"@type":"ListItem","position":1,"name":"Inicio","item":"https:\/\/airis.agency\/"},{"@type":"ListItem","position":2,"name":"Jobs"}]},{"@type":"WebSite","@id":"https:\/\/airis.agency\/#website","url":"https:\/\/airis.agency\/","name":"AIRIS Agency","description":"Marketing Agency in Marbella","publisher":{"@id":"https:\/\/airis.agency\/#organization"},"alternateName":"AIRIS","potentialAction":[{"@type":"SearchAction","target":{"@type":"EntryPoint","urlTemplate":"https:\/\/airis.agency\/?s={search_term_string}"},"query-input":{"@type":"PropertyValueSpecification","valueRequired":true,"valueName":"search_term_string"}}],"inLanguage":"en-GB"},{"@type":"Organization","@id":"https:\/\/airis.agency\/#organization","name":"AIRIS Agency","alternateName":"AIRIS","url":"https:\/\/airis.agency\/","logo":{"@type":"ImageObject","inLanguage":"en-GB","@id":"https:\/\/airis.agency\/#\/schema\/logo\/image\/","url":"https:\/\/airis.agency\/wp-content\/uploads\/2024\/11\/logo-airis-cuadrado-1.png","contentUrl":"https:\/\/airis.agency\/wp-content\/uploads\/2024\/11\/logo-airis-cuadrado-1.png","width":1080,"height":1080,"caption":"AIRIS Agency"},"image":{"@id":"https:\/\/airis.agency\/#\/schema\/logo\/image\/"},"description":"Marketing agency in Marbella","email":"info@airis.agency","telephone":"642 51 65 56"}]}},"_links":{"self":[{"href":"https:\/\/airis.agency\/en\/wp-json\/wp\/v2\/pages\/2849","targetHints":{"allow":["GET"]}}],"collection":[{"href":"https:\/\/airis.agency\/en\/wp-json\/wp\/v2\/pages"}],"about":[{"href":"https:\/\/airis.agency\/en\/wp-json\/wp\/v2\/types\/page"}],"author":[{"embeddable":true,"href":"https:\/\/airis.agency\/en\/wp-json\/wp\/v2\/users\/1"}],"replies":[{"embeddable":true,"href":"https:\/\/airis.agency\/en\/wp-json\/wp\/v2\/comments?post=2849"}],"version-history":[{"count":0,"href":"https:\/\/airis.agency\/en\/wp-json\/wp\/v2\/pages\/2849\/revisions"}],"wp:attachment":[{"href":"https:\/\/airis.agency\/en\/wp-json\/wp\/v2\/media?parent=2849"}],"curies":[{"name":"wp,v2,pages","href":"https:\/\/api.w.org\/{rel}","templated":true}]}}