{"id":1571,"date":"2024-10-06T11:12:33","date_gmt":"2024-10-06T09:12:33","guid":{"rendered":"https:\/\/airis.agency\/?page_id=1571"},"modified":"2024-11-27T18:20:56","modified_gmt":"2024-11-27T17:20:56","slug":"legal-notice","status":"publish","type":"page","link":"https:\/\/airis.agency\/en\/aviso-legal\/","title":{"rendered":"Legal Notice"},"content":{"rendered":"\t\t<div data-elementor-type=\"wp-page\" data-elementor-id=\"1571\" class=\"elementor elementor-1571\" data-elementor-post-type=\"page\">\n\t\t\t\t<div class=\"elementor-element elementor-element-220a471 e-flex e-con-boxed e-con e-parent\" data-id=\"220a471\" data-element_type=\"container\" data-e-type=\"container\">\n\t\t\t\t\t<div class=\"e-con-inner\">\n\t\t\t\t<div class=\"elementor-element elementor-element-99347c7 elementor-widget elementor-widget-text-editor\" data-id=\"99347c7\" data-element_type=\"widget\" data-e-type=\"widget\" data-widget_type=\"text-editor.default\">\n\t\t\t\t\t\t\t\t\t<h3><strong>Aviso Legal<\/strong><\/h3><p>El presente Aviso Legal regula el uso del sitio web <strong>[airis.agency]<\/strong>, propiedad de <strong>AIRIS Agency<\/strong>.<\/p><h4>1. Identificaci\u00f3n del titular<\/h4><ul><li><strong>Titular<\/strong>: AIRIS Agency<\/li><li><strong>Direcci\u00f3n<\/strong>: Quevedo 8, 29660 M\u00e1laga<\/li><li><strong>Correo electr\u00f3nico<\/strong>: <a rel=\"noopener\">info@airis.agency<\/a><\/li><\/ul><h4>2. Condiciones de uso<\/h4><p>El acceso a este sitio implica la aceptaci\u00f3n de las siguientes condiciones:<\/p><ul><li>El contenido del sitio tiene fines informativos. <strong>AIRIS Agency<\/strong> no se hace responsable de los errores u omisiones.<\/li><li>Los usuarios se comprometen a hacer un uso adecuado del sitio, absteni\u00e9ndose de actividades ilegales o contrarias a la buena fe.<\/li><\/ul><h4>3. Propiedad intelectual<\/h4><p>Todo el contenido del sitio web, incluyendo textos, im\u00e1genes y dise\u00f1o, est\u00e1 protegido por derechos de autor y es propiedad de <strong>AIRIS Agency<\/strong>. Queda prohibida su reproducci\u00f3n, distribuci\u00f3n o modificaci\u00f3n sin el consentimiento del titular.<\/p><h4>4. Enlaces externos<\/h4><p>Este sitio puede contener enlaces a sitios web de terceros. <strong>AIRIS Agency<\/strong> no se responsabiliza del contenido o pr\u00e1cticas de dichos sitios.<\/p><h4>5. Legislaci\u00f3n aplicable<\/h4><p>Las presentes condiciones se rigen por la legislaci\u00f3n espa\u00f1ola. Cualquier controversia ser\u00e1 sometida a los juzgados y tribunales de <strong>Marbella<\/strong>.<\/p>\t\t\t\t\t\t\t\t<\/div>\n\t\t\t\t\t<\/div>\n\t\t\t\t<\/div>\n\t\t\t\t<\/div>\n\t\t","protected":false},"excerpt":{"rendered":"<p>Aviso Legal El presente Aviso Legal regula el uso del sitio web [airis.agency], propiedad de AIRIS Agency. 1. Identificaci\u00f3n del titular Titular: AIRIS Agency Direcci\u00f3n: Quevedo 8, 29660 M\u00e1laga Correo electr\u00f3nico: info@airis.agency 2. Condiciones de uso El acceso a este sitio implica la aceptaci\u00f3n de las siguientes condiciones: El contenido del sitio tiene fines informativos. [&hellip;]<\/p>\n","protected":false},"author":1,"featured_media":0,"parent":0,"menu_order":0,"comment_status":"closed","ping_status":"closed","template":"","meta":{"footnotes":""},"class_list":["post-1571","page","type-page","status-publish","hentry"],"yoast_head":"<!-- This site is optimized with the Yoast SEO Premium plugin v27.4 (Yoast SEO v27.4) - https:\/\/yoast.com\/product\/yoast-seo-premium-wordpress\/ -->\n<title>Aviso Legal - AIRIS Agency<\/title>\n<meta name=\"robots\" content=\"noindex, nofollow\" \/>\n<meta property=\"og:locale\" content=\"en_GB\" \/>\n<meta property=\"og:type\" content=\"article\" \/>\n<meta property=\"og:title\" content=\"Aviso Legal\" \/>\n<meta property=\"og:description\" content=\"Aviso Legal El presente Aviso Legal regula el uso del sitio web [airis.agency], propiedad de AIRIS Agency. 1. Identificaci\u00f3n del titular Titular: AIRIS Agency Direcci\u00f3n: Quevedo 8, 29660 M\u00e1laga Correo electr\u00f3nico: info@airis.agency 2. Condiciones de uso El acceso a este sitio implica la aceptaci\u00f3n de las siguientes condiciones: El contenido del sitio tiene fines informativos. [&hellip;]\" \/>\n<meta property=\"og:url\" content=\"https:\/\/airis.agency\/en\/legal-notice\/\" \/>\n<meta property=\"og:site_name\" content=\"AIRIS Agency\" \/>\n<meta property=\"article:modified_time\" content=\"2024-11-27T17:20:56+00:00\" \/>\n<meta property=\"og:image\" content=\"https:\/\/airis.agency\/wp-content\/uploads\/2024\/11\/logo-airis-cuadrado-1.png\" \/>\n\t<meta property=\"og:image:width\" content=\"1080\" \/>\n\t<meta property=\"og:image:height\" content=\"1080\" \/>\n\t<meta property=\"og:image:type\" content=\"image\/png\" \/>\n<meta name=\"twitter:card\" content=\"summary_large_image\" \/>\n<script type=\"application\/ld+json\" class=\"yoast-schema-graph\">{\"@context\":\"https:\\\/\\\/schema.org\",\"@graph\":[{\"@type\":\"WebPage\",\"@id\":\"https:\\\/\\\/airis.agency\\\/aviso-legal\\\/\",\"url\":\"https:\\\/\\\/airis.agency\\\/aviso-legal\\\/\",\"name\":\"Aviso Legal - AIRIS Agency\",\"isPartOf\":{\"@id\":\"https:\\\/\\\/airis.agency\\\/#website\"},\"datePublished\":\"2024-10-06T09:12:33+00:00\",\"dateModified\":\"2024-11-27T17:20:56+00:00\",\"breadcrumb\":{\"@id\":\"https:\\\/\\\/airis.agency\\\/aviso-legal\\\/#breadcrumb\"},\"inLanguage\":\"en-GB\",\"potentialAction\":[{\"@type\":\"ReadAction\",\"target\":[\"https:\\\/\\\/airis.agency\\\/aviso-legal\\\/\"]}]},{\"@type\":\"BreadcrumbList\",\"@id\":\"https:\\\/\\\/airis.agency\\\/aviso-legal\\\/#breadcrumb\",\"itemListElement\":[{\"@type\":\"ListItem\",\"position\":1,\"name\":\"Inicio\",\"item\":\"https:\\\/\\\/airis.agency\\\/\"},{\"@type\":\"ListItem\",\"position\":2,\"name\":\"Aviso Legal\"}]},{\"@type\":\"WebSite\",\"@id\":\"https:\\\/\\\/airis.agency\\\/#website\",\"url\":\"https:\\\/\\\/airis.agency\\\/\",\"name\":\"AIRIS Agency\",\"description\":\"Agencia de Marketing en Marbella\",\"publisher\":{\"@id\":\"https:\\\/\\\/airis.agency\\\/#organization\"},\"alternateName\":\"AIRIS\",\"potentialAction\":[{\"@type\":\"SearchAction\",\"target\":{\"@type\":\"EntryPoint\",\"urlTemplate\":\"https:\\\/\\\/airis.agency\\\/?s={search_term_string}\"},\"query-input\":{\"@type\":\"PropertyValueSpecification\",\"valueRequired\":true,\"valueName\":\"search_term_string\"}}],\"inLanguage\":\"en-GB\"},{\"@type\":\"Organization\",\"@id\":\"https:\\\/\\\/airis.agency\\\/#organization\",\"name\":\"AIRIS Agency\",\"alternateName\":\"AIRIS\",\"url\":\"https:\\\/\\\/airis.agency\\\/\",\"logo\":{\"@type\":\"ImageObject\",\"inLanguage\":\"en-GB\",\"@id\":\"https:\\\/\\\/airis.agency\\\/#\\\/schema\\\/logo\\\/image\\\/\",\"url\":\"https:\\\/\\\/airis.agency\\\/wp-content\\\/uploads\\\/2024\\\/11\\\/logo-airis-cuadrado-1.png\",\"contentUrl\":\"https:\\\/\\\/airis.agency\\\/wp-content\\\/uploads\\\/2024\\\/11\\\/logo-airis-cuadrado-1.png\",\"width\":1080,\"height\":1080,\"caption\":\"AIRIS Agency\"},\"image\":{\"@id\":\"https:\\\/\\\/airis.agency\\\/#\\\/schema\\\/logo\\\/image\\\/\"},\"description\":\"Agencia de marketing en Marbella\",\"email\":\"info@airis.agency\",\"telephone\":\"642 51 65 56\"}]}<\/script>\n<!-- \/ Yoast SEO Premium plugin. -->","yoast_head_json":{"title":"Aviso Legal - AIRIS Agency","robots":{"index":"noindex","follow":"nofollow"},"og_locale":"en_GB","og_type":"article","og_title":"Aviso Legal","og_description":"Aviso Legal El presente Aviso Legal regula el uso del sitio web [airis.agency], propiedad de AIRIS Agency. 1. Identificaci\u00f3n del titular Titular: AIRIS Agency Direcci\u00f3n: Quevedo 8, 29660 M\u00e1laga Correo electr\u00f3nico: info@airis.agency 2. Condiciones de uso El acceso a este sitio implica la aceptaci\u00f3n de las siguientes condiciones: El contenido del sitio tiene fines informativos. [&hellip;]","og_url":"https:\/\/airis.agency\/en\/legal-notice\/","og_site_name":"AIRIS Agency","article_modified_time":"2024-11-27T17:20:56+00:00","og_image":[{"width":1080,"height":1080,"url":"https:\/\/airis.agency\/wp-content\/uploads\/2024\/11\/logo-airis-cuadrado-1.png","type":"image\/png"}],"twitter_card":"summary_large_image","schema":{"@context":"https:\/\/schema.org","@graph":[{"@type":"WebPage","@id":"https:\/\/airis.agency\/aviso-legal\/","url":"https:\/\/airis.agency\/aviso-legal\/","name":"Aviso Legal - AIRIS Agency","isPartOf":{"@id":"https:\/\/airis.agency\/#website"},"datePublished":"2024-10-06T09:12:33+00:00","dateModified":"2024-11-27T17:20:56+00:00","breadcrumb":{"@id":"https:\/\/airis.agency\/aviso-legal\/#breadcrumb"},"inLanguage":"en-GB","potentialAction":[{"@type":"ReadAction","target":["https:\/\/airis.agency\/aviso-legal\/"]}]},{"@type":"BreadcrumbList","@id":"https:\/\/airis.agency\/aviso-legal\/#breadcrumb","itemListElement":[{"@type":"ListItem","position":1,"name":"Inicio","item":"https:\/\/airis.agency\/"},{"@type":"ListItem","position":2,"name":"Aviso Legal"}]},{"@type":"WebSite","@id":"https:\/\/airis.agency\/#website","url":"https:\/\/airis.agency\/","name":"AIRIS Agency","description":"Marketing Agency in Marbella","publisher":{"@id":"https:\/\/airis.agency\/#organization"},"alternateName":"AIRIS","potentialAction":[{"@type":"SearchAction","target":{"@type":"EntryPoint","urlTemplate":"https:\/\/airis.agency\/?s={search_term_string}"},"query-input":{"@type":"PropertyValueSpecification","valueRequired":true,"valueName":"search_term_string"}}],"inLanguage":"en-GB"},{"@type":"Organization","@id":"https:\/\/airis.agency\/#organization","name":"AIRIS Agency","alternateName":"AIRIS","url":"https:\/\/airis.agency\/","logo":{"@type":"ImageObject","inLanguage":"en-GB","@id":"https:\/\/airis.agency\/#\/schema\/logo\/image\/","url":"https:\/\/airis.agency\/wp-content\/uploads\/2024\/11\/logo-airis-cuadrado-1.png","contentUrl":"https:\/\/airis.agency\/wp-content\/uploads\/2024\/11\/logo-airis-cuadrado-1.png","width":1080,"height":1080,"caption":"AIRIS Agency"},"image":{"@id":"https:\/\/airis.agency\/#\/schema\/logo\/image\/"},"description":"Marketing agency in Marbella","email":"info@airis.agency","telephone":"642 51 65 56"}]}},"_links":{"self":[{"href":"https:\/\/airis.agency\/en\/wp-json\/wp\/v2\/pages\/1571","targetHints":{"allow":["GET"]}}],"collection":[{"href":"https:\/\/airis.agency\/en\/wp-json\/wp\/v2\/pages"}],"about":[{"href":"https:\/\/airis.agency\/en\/wp-json\/wp\/v2\/types\/page"}],"author":[{"embeddable":true,"href":"https:\/\/airis.agency\/en\/wp-json\/wp\/v2\/users\/1"}],"replies":[{"embeddable":true,"href":"https:\/\/airis.agency\/en\/wp-json\/wp\/v2\/comments?post=1571"}],"version-history":[{"count":0,"href":"https:\/\/airis.agency\/en\/wp-json\/wp\/v2\/pages\/1571\/revisions"}],"wp:attachment":[{"href":"https:\/\/airis.agency\/en\/wp-json\/wp\/v2\/media?parent=1571"}],"curies":[{"name":"wp,v2,pages","href":"https:\/\/api.w.org\/{rel}","templated":true}]}}